{"id":2030,"date":"2024-07-30T15:40:05","date_gmt":"2024-07-30T13:40:05","guid":{"rendered":"https:\/\/journeepatrimoinemonaco.com\/accueil\/"},"modified":"2025-08-27T11:41:52","modified_gmt":"2025-08-27T09:41:52","slug":"accueil","status":"publish","type":"page","link":"https:\/\/journeepatrimoinemonaco.com\/en\/","title":{"rendered":"Home"},"content":{"rendered":"<p>Les Journ\u00e9es Europ\u00e9ennes du Patrimoine sont l\u2019occasion unique de d\u00e9couvrir ou red\u00e9couvrir le patrimoine culturel du pays. La Principaut\u00e9 participe \u00e0 cette manifestation paneurop\u00e9enne depuis 1996, initi\u00e9e conjointement par le Conseil de l\u2019Europe et l\u2019Union Europ\u00e9enne. C\u00e9l\u00e9br\u00e9es par plus de 50 pays, les Journ\u00e9es du Patrimoine attirent chaque ann\u00e9e pr\u00e8s de 30 millions de visiteurs, r\u00e9unis autour plus de 70 000 \u00e9v\u00e8nements.<\/p>\n<p>Cette 30\u00e8me \u00e9dition met \u00e0 l\u2019honneur le \u00ab Patrimoine Architectural \u00bb qui, \u00e0 Monaco, est riche, vari\u00e9, et repr\u00e9sentatif de l\u2019\u00e9volution de la pratique de l\u2019architecture \u00e0 travers les \u00e9poques. Vous pourrez d\u00e9couvrir la diversit\u00e9 du patrimoine b\u00e2ti de notre territoire, gr\u00e2ce \u00e0 des visites exceptionnelles, des ateliers jeunesse, des animations, ou encore des itin\u00e9raires architecturaux, propos\u00e9s par plus de 30 institutions mon\u00e9gasques. En participant \u00e0 ces journ\u00e9es, vous contribuez ainsi \u00e0 la valorisation et \u00e0 la transmission de ce patrimoine culturel remarquable.<\/p>\n","protected":false},"excerpt":{"rendered":"<p>Les Journ\u00e9es Europ\u00e9ennes du Patrimoine sont l\u2019occasion unique de d\u00e9couvrir ou red\u00e9couvrir le patrimoine culturel du pays. La Principaut\u00e9 participe \u00e0 cette manifestation paneurop\u00e9enne depuis 1996, initi\u00e9e conjointement par le Conseil de l\u2019Europe et l\u2019Union Europ\u00e9enne. C\u00e9l\u00e9br\u00e9es par plus de 50 pays, les Journ\u00e9es du Patrimoine attirent chaque ann\u00e9e pr\u00e8s de 30 millions de visiteurs, [&hellip;]<\/p>\n","protected":false},"author":1,"featured_media":1968,"parent":0,"menu_order":2,"comment_status":"closed","ping_status":"closed","template":"tpl-accueil.php","meta":{"_acf_changed":false,"footnotes":""},"class_list":["post-2030","page","type-page","status-publish","has-post-thumbnail","hentry"],"acf":[],"yoast_head":"<!-- This site is optimized with the Yoast SEO plugin v25.8 - https:\/\/yoast.com\/wordpress\/plugins\/seo\/ -->\n<title>Home - Journ\u00e9e Europ\u00e9enne du Patrimoine<\/title>\n<meta name=\"robots\" content=\"index, follow, max-snippet:-1, max-image-preview:large, max-video-preview:-1\" \/>\n<link rel=\"canonical\" href=\"https:\/\/journeepatrimoinemonaco.com\/en\/\" \/>\n<meta property=\"og:locale\" content=\"en_US\" \/>\n<meta property=\"og:type\" content=\"article\" \/>\n<meta property=\"og:title\" content=\"Home - Journ\u00e9e Europ\u00e9enne du Patrimoine\" \/>\n<meta property=\"og:description\" content=\"Les Journ\u00e9es Europ\u00e9ennes du Patrimoine sont l\u2019occasion unique de d\u00e9couvrir ou red\u00e9couvrir le patrimoine culturel du pays. La Principaut\u00e9 participe \u00e0 cette manifestation paneurop\u00e9enne depuis 1996, initi\u00e9e conjointement par le Conseil de l\u2019Europe et l\u2019Union Europ\u00e9enne. C\u00e9l\u00e9br\u00e9es par plus de 50 pays, les Journ\u00e9es du Patrimoine attirent chaque ann\u00e9e pr\u00e8s de 30 millions de visiteurs, [&hellip;]\" \/>\n<meta property=\"og:url\" content=\"https:\/\/journeepatrimoinemonaco.com\/en\/\" \/>\n<meta property=\"og:site_name\" content=\"Journ\u00e9e Europ\u00e9enne du Patrimoine\" \/>\n<meta property=\"article:modified_time\" content=\"2025-08-27T09:41:52+00:00\" \/>\n<meta property=\"og:image\" content=\"https:\/\/journeepatrimoinemonaco.com\/wp-content\/uploads\/2025\/05\/JEP25_1920X1080_Final.png\" \/>\n\t<meta property=\"og:image:width\" content=\"1920\" \/>\n\t<meta property=\"og:image:height\" content=\"1080\" \/>\n\t<meta property=\"og:image:type\" content=\"image\/png\" \/>\n<meta name=\"twitter:card\" content=\"summary_large_image\" \/>\n<meta name=\"twitter:label1\" content=\"Est. reading time\" \/>\n\t<meta name=\"twitter:data1\" content=\"1 minute\" \/>\n<script type=\"application\/ld+json\" class=\"yoast-schema-graph\">{\"@context\":\"https:\/\/schema.org\",\"@graph\":[{\"@type\":\"WebPage\",\"@id\":\"https:\/\/journeepatrimoinemonaco.com\/en\/\",\"url\":\"https:\/\/journeepatrimoinemonaco.com\/en\/\",\"name\":\"Home - Journ\u00e9e Europ\u00e9enne du Patrimoine\",\"isPartOf\":{\"@id\":\"https:\/\/journeepatrimoinemonaco.com\/en\/#website\"},\"primaryImageOfPage\":{\"@id\":\"https:\/\/journeepatrimoinemonaco.com\/en\/#primaryimage\"},\"image\":{\"@id\":\"https:\/\/journeepatrimoinemonaco.com\/en\/#primaryimage\"},\"thumbnailUrl\":\"https:\/\/journeepatrimoinemonaco.com\/wp-content\/uploads\/2025\/05\/JEP25_1920X1080_Final.png\",\"datePublished\":\"2024-07-30T13:40:05+00:00\",\"dateModified\":\"2025-08-27T09:41:52+00:00\",\"breadcrumb\":{\"@id\":\"https:\/\/journeepatrimoinemonaco.com\/en\/#breadcrumb\"},\"inLanguage\":\"en-US\",\"potentialAction\":[{\"@type\":\"ReadAction\",\"target\":[\"https:\/\/journeepatrimoinemonaco.com\/en\/\"]}]},{\"@type\":\"ImageObject\",\"inLanguage\":\"en-US\",\"@id\":\"https:\/\/journeepatrimoinemonaco.com\/en\/#primaryimage\",\"url\":\"https:\/\/journeepatrimoinemonaco.com\/wp-content\/uploads\/2025\/05\/JEP25_1920X1080_Final.png\",\"contentUrl\":\"https:\/\/journeepatrimoinemonaco.com\/wp-content\/uploads\/2025\/05\/JEP25_1920X1080_Final.png\",\"width\":1920,\"height\":1080},{\"@type\":\"BreadcrumbList\",\"@id\":\"https:\/\/journeepatrimoinemonaco.com\/en\/#breadcrumb\",\"itemListElement\":[{\"@type\":\"ListItem\",\"position\":1,\"name\":\"Homepage\",\"item\":\"https:\/\/journeepatrimoinemonaco.com\/en\/\"},{\"@type\":\"ListItem\",\"position\":2,\"name\":\"Home\"}]},{\"@type\":\"WebSite\",\"@id\":\"https:\/\/journeepatrimoinemonaco.com\/en\/#website\",\"url\":\"https:\/\/journeepatrimoinemonaco.com\/en\/\",\"name\":\"Journ\u00e9e Europ\u00e9enne du Patrimoine\",\"description\":\"29&lt;sup&gt;e&lt;\/sup&gt; Journ\u00e9es Europ\u00e9ennes du patrimoine Monaco - 14\/15 septembre 2024\",\"potentialAction\":[{\"@type\":\"SearchAction\",\"target\":{\"@type\":\"EntryPoint\",\"urlTemplate\":\"https:\/\/journeepatrimoinemonaco.com\/en\/?s={search_term_string}\"},\"query-input\":{\"@type\":\"PropertyValueSpecification\",\"valueRequired\":true,\"valueName\":\"search_term_string\"}}],\"inLanguage\":\"en-US\"}]}<\/script>\n<!-- \/ Yoast SEO plugin. -->","yoast_head_json":{"title":"Home - Journ\u00e9e Europ\u00e9enne du Patrimoine","robots":{"index":"index","follow":"follow","max-snippet":"max-snippet:-1","max-image-preview":"max-image-preview:large","max-video-preview":"max-video-preview:-1"},"canonical":"https:\/\/journeepatrimoinemonaco.com\/en\/","og_locale":"en_US","og_type":"article","og_title":"Home - Journ\u00e9e Europ\u00e9enne du Patrimoine","og_description":"Les Journ\u00e9es Europ\u00e9ennes du Patrimoine sont l\u2019occasion unique de d\u00e9couvrir ou red\u00e9couvrir le patrimoine culturel du pays. La Principaut\u00e9 participe \u00e0 cette manifestation paneurop\u00e9enne depuis 1996, initi\u00e9e conjointement par le Conseil de l\u2019Europe et l\u2019Union Europ\u00e9enne. C\u00e9l\u00e9br\u00e9es par plus de 50 pays, les Journ\u00e9es du Patrimoine attirent chaque ann\u00e9e pr\u00e8s de 30 millions de visiteurs, [&hellip;]","og_url":"https:\/\/journeepatrimoinemonaco.com\/en\/","og_site_name":"Journ\u00e9e Europ\u00e9enne du Patrimoine","article_modified_time":"2025-08-27T09:41:52+00:00","og_image":[{"width":1920,"height":1080,"url":"https:\/\/journeepatrimoinemonaco.com\/wp-content\/uploads\/2025\/05\/JEP25_1920X1080_Final.png","type":"image\/png"}],"twitter_card":"summary_large_image","twitter_misc":{"Est. reading time":"1 minute"},"schema":{"@context":"https:\/\/schema.org","@graph":[{"@type":"WebPage","@id":"https:\/\/journeepatrimoinemonaco.com\/en\/","url":"https:\/\/journeepatrimoinemonaco.com\/en\/","name":"Home - Journ\u00e9e Europ\u00e9enne du Patrimoine","isPartOf":{"@id":"https:\/\/journeepatrimoinemonaco.com\/en\/#website"},"primaryImageOfPage":{"@id":"https:\/\/journeepatrimoinemonaco.com\/en\/#primaryimage"},"image":{"@id":"https:\/\/journeepatrimoinemonaco.com\/en\/#primaryimage"},"thumbnailUrl":"https:\/\/journeepatrimoinemonaco.com\/wp-content\/uploads\/2025\/05\/JEP25_1920X1080_Final.png","datePublished":"2024-07-30T13:40:05+00:00","dateModified":"2025-08-27T09:41:52+00:00","breadcrumb":{"@id":"https:\/\/journeepatrimoinemonaco.com\/en\/#breadcrumb"},"inLanguage":"en-US","potentialAction":[{"@type":"ReadAction","target":["https:\/\/journeepatrimoinemonaco.com\/en\/"]}]},{"@type":"ImageObject","inLanguage":"en-US","@id":"https:\/\/journeepatrimoinemonaco.com\/en\/#primaryimage","url":"https:\/\/journeepatrimoinemonaco.com\/wp-content\/uploads\/2025\/05\/JEP25_1920X1080_Final.png","contentUrl":"https:\/\/journeepatrimoinemonaco.com\/wp-content\/uploads\/2025\/05\/JEP25_1920X1080_Final.png","width":1920,"height":1080},{"@type":"BreadcrumbList","@id":"https:\/\/journeepatrimoinemonaco.com\/en\/#breadcrumb","itemListElement":[{"@type":"ListItem","position":1,"name":"Homepage","item":"https:\/\/journeepatrimoinemonaco.com\/en\/"},{"@type":"ListItem","position":2,"name":"Home"}]},{"@type":"WebSite","@id":"https:\/\/journeepatrimoinemonaco.com\/en\/#website","url":"https:\/\/journeepatrimoinemonaco.com\/en\/","name":"Journ\u00e9e Europ\u00e9enne du Patrimoine","description":"29&lt;sup&gt;e&lt;\/sup&gt; Journ\u00e9es Europ\u00e9ennes du patrimoine Monaco - 14\/15 septembre 2024","potentialAction":[{"@type":"SearchAction","target":{"@type":"EntryPoint","urlTemplate":"https:\/\/journeepatrimoinemonaco.com\/en\/?s={search_term_string}"},"query-input":{"@type":"PropertyValueSpecification","valueRequired":true,"valueName":"search_term_string"}}],"inLanguage":"en-US"}]}},"_links":{"self":[{"href":"https:\/\/journeepatrimoinemonaco.com\/en\/wp-json\/wp\/v2\/pages\/2030","targetHints":{"allow":["GET"]}}],"collection":[{"href":"https:\/\/journeepatrimoinemonaco.com\/en\/wp-json\/wp\/v2\/pages"}],"about":[{"href":"https:\/\/journeepatrimoinemonaco.com\/en\/wp-json\/wp\/v2\/types\/page"}],"author":[{"embeddable":true,"href":"https:\/\/journeepatrimoinemonaco.com\/en\/wp-json\/wp\/v2\/users\/1"}],"replies":[{"embeddable":true,"href":"https:\/\/journeepatrimoinemonaco.com\/en\/wp-json\/wp\/v2\/comments?post=2030"}],"version-history":[{"count":1,"href":"https:\/\/journeepatrimoinemonaco.com\/en\/wp-json\/wp\/v2\/pages\/2030\/revisions"}],"predecessor-version":[{"id":2031,"href":"https:\/\/journeepatrimoinemonaco.com\/en\/wp-json\/wp\/v2\/pages\/2030\/revisions\/2031"}],"wp:featuredmedia":[{"embeddable":true,"href":"https:\/\/journeepatrimoinemonaco.com\/en\/wp-json\/wp\/v2\/media\/1968"}],"wp:attachment":[{"href":"https:\/\/journeepatrimoinemonaco.com\/en\/wp-json\/wp\/v2\/media?parent=2030"}],"curies":[{"name":"wp","href":"https:\/\/api.w.org\/{rel}","templated":true}]}}